{"id":108,"date":"2025-02-03T19:15:27","date_gmt":"2025-02-03T19:15:27","guid":{"rendered":"https:\/\/limpal.es\/?page_id=108"},"modified":"2025-02-04T10:43:58","modified_gmt":"2025-02-04T10:43:58","slug":"accesibilidad","status":"publish","type":"page","link":"https:\/\/limpal.es\/en\/aviso-legal\/accesibilidad\/","title":{"rendered":"Accessibility"},"content":{"rendered":"<p><strong>Actualizado 15\/03\/2023<\/strong>&nbsp;<\/p>\n\n\n\n<p><strong>LIMPIEZAS ALFOMBRAS PALENCIA S.L\u00a0se compromete en hacer accesible su sitio web de conformidad con el\u202f<\/strong><a href=\"https:\/\/www.boe.es\/diario_boe\/txt.php?id=BOE-A-2018-12699\" target=\"_blank\" rel=\"noreferrer noopener\"><strong>Real Decreto 1112\/2018<\/strong><\/a><strong>, sobre accesibilidad de los sitios webs y aplicaciones para dispositivos m\u00f3viles del sector p\u00fablico.<\/strong>\u00a0<\/p>\n\n\n\n<p>La presente declaraci\u00f3n de accesibilidad se aplica al sitio web a limpal.es<\/p>\n\n\n\n<p><strong>SITUACI\u00d3N DE CUMPLIMIENTO<\/strong>&nbsp;<\/p>\n\n\n\n<p>Este sitio web es parcialmente conforme con el\u202f<a href=\"https:\/\/www.boe.es\/diario_boe\/txt.php?id=BOE-A-2018-12699\" target=\"_blank\" rel=\"noreferrer noopener\">RD 1112\/2018<\/a>\u202fdebido a la falta de conformidad de los aspectos que se indican a continuaci\u00f3n.&nbsp;<\/p>\n\n\n\n<p><strong>Contenido no accesible<\/strong>&nbsp;<\/p>\n\n\n\n<p>El contenido que se recoge a continuaci\u00f3n no es accesible por lo siguiente:&nbsp;<\/p>\n\n\n\n<p><strong>Falta de conformidad con el RD 1112\/2018<\/strong>&nbsp;<\/p>\n\n\n\n<ul class=\"wp-block-list\">\n<li>Se pueden encontrar im\u00e1genes sin que acompa\u00f1e texto explicativo.\u00a0<\/li>\n\n\n\n<li>Se puede encontrar a\u00fan anidamientos incorrectos de etiquetas.\u00a0<\/li>\n\n\n\n<li>Podr\u00edan existir fallos de edici\u00f3n en la p\u00e1gina web.\u00a0<\/li>\n<\/ul>\n\n\n\n<p><strong>Carga desproporcionada<\/strong>&nbsp;<\/p>\n\n\n\n<ul class=\"wp-block-list\">\n<li>No aplica.\u00a0<\/li>\n<\/ul>\n\n\n\n<p><strong>El contenido no entra dentro del \u00e1mbito de la legislaci\u00f3n aplicable.<\/strong>&nbsp;<\/p>\n\n\n\n<ul class=\"wp-block-list\">\n<li>Existen archivos ofim\u00e1ticos en PDF que no cumplan en su totalidad todos los requisitos de accesibilidad.\u00a0<\/li>\n<\/ul>\n\n\n\n<p>La presente declaraci\u00f3n fue preparada el 15 de enero de 2023.&nbsp;<\/p>\n\n\n\n<p>El m\u00e9todo empleado para preparar la declaraci\u00f3n ha sido una autoevaluaci\u00f3n llevada a cabo por el equipo de accesibilidad.&nbsp;<\/p>\n\n\n\n<p>\u00daltima revisi\u00f3n de la declaraci\u00f3n: 12 de enero de 2023.&nbsp;<\/p>\n\n\n\n<p><strong>Observaciones y datos de contacto<\/strong>&nbsp;<\/p>\n\n\n\n<p>Puede realizar comunicaciones sobre requisitos de accesibilidad (art\u00edculo 10.2.a) del RD 1112\/2018) como por ejemplo:&nbsp;<\/p>\n\n\n\n<ul class=\"wp-block-list\">\n<li>Informar sobre cualquier posible incumplimiento por parte de este sitio web.\u00a0<\/li>\n\n\n\n<li>Transmitir otras dificultades de acceso al contenido.\u00a0<\/li>\n\n\n\n<li>Formular cualquier otra consulta o sugerencia de mejora relativa a la accesibilidad del sitio web.\u00a0<\/li>\n<\/ul>\n\n\n\n<p>A trav\u00e9s de nuestro buz\u00f3n de sugerencias contacto@limpal.es, o de manera presencial en nuestra sede: <a href=\"https:\/\/www.google.com\/maps\/place\/\/data=!4m2!3m1!1s0xd47b1b3488308ad:0xed84f3810bb1f447?sa=X&amp;ved=1t:8290&amp;ictx=111\">C. Extremadura, 19, 34004 Palencia<\/a> Las comunicaciones ser\u00e1n recibidas y tratadas por el equipo de Accesibilidad.<\/p>","protected":false},"excerpt":{"rendered":"<p>Actualizado 15\/03\/2023&nbsp; LIMPIEZAS ALFOMBRAS PALENCIA S.L\u00a0se compromete en hacer accesible su sitio web de conformidad con el\u202fReal Decreto 1112\/2018, sobre accesibilidad de los sitios webs y aplicaciones para dispositivos m\u00f3viles del sector p\u00fablico.\u00a0 La presente declaraci\u00f3n de accesibilidad se aplica al sitio web a limpal.es SITUACI\u00d3N DE CUMPLIMIENTO&nbsp; Este sitio web es parcialmente conforme con [&hellip;]<\/p>\n","protected":false},"author":1,"featured_media":0,"parent":105,"menu_order":0,"comment_status":"closed","ping_status":"closed","template":"","meta":{"_joinchat":[],"footnotes":""},"class_list":["post-108","page","type-page","status-publish","hentry"],"yoast_head":"<!-- This site is optimized with the Yoast SEO plugin v27.3 - https:\/\/yoast.com\/product\/yoast-seo-wordpress\/ -->\n<title>Accesibilidad - Limpal<\/title>\n<meta name=\"robots\" content=\"noindex, nofollow\" \/>\n<meta property=\"og:locale\" content=\"en_GB\" \/>\n<meta property=\"og:type\" content=\"article\" \/>\n<meta property=\"og:title\" content=\"Accesibilidad - Limpal\" \/>\n<meta property=\"og:description\" content=\"Actualizado 15\/03\/2023&nbsp; LIMPIEZAS ALFOMBRAS PALENCIA S.L\u00a0se compromete en hacer accesible su sitio web de conformidad con el\u202fReal Decreto 1112\/2018, sobre accesibilidad de los sitios webs y aplicaciones para dispositivos m\u00f3viles del sector p\u00fablico.\u00a0 La presente declaraci\u00f3n de accesibilidad se aplica al sitio web a limpal.es SITUACI\u00d3N DE CUMPLIMIENTO&nbsp; Este sitio web es parcialmente conforme con [&hellip;]\" \/>\n<meta property=\"og:url\" content=\"https:\/\/limpal.es\/en\/aviso-legal\/accesibilidad\/\" \/>\n<meta property=\"og:site_name\" content=\"Limpal\" \/>\n<meta property=\"article:modified_time\" content=\"2025-02-04T10:43:58+00:00\" \/>\n<meta property=\"og:image\" content=\"https:\/\/limpal.es\/wp-content\/uploads\/2025\/01\/Limpal-removebg-preview.png\" \/>\n\t<meta property=\"og:image:width\" content=\"558\" \/>\n\t<meta property=\"og:image:height\" content=\"211\" \/>\n\t<meta property=\"og:image:type\" content=\"image\/png\" \/>\n<meta name=\"twitter:card\" content=\"summary_large_image\" \/>\n<meta name=\"twitter:label1\" content=\"Estimated reading time\" \/>\n\t<meta name=\"twitter:data1\" content=\"2 minutes\" \/>\n<script type=\"application\/ld+json\" class=\"yoast-schema-graph\">{\"@context\":\"https:\\\/\\\/schema.org\",\"@graph\":[{\"@type\":\"WebPage\",\"@id\":\"https:\\\/\\\/limpal.es\\\/aviso-legal\\\/accesibilidad\\\/\",\"url\":\"https:\\\/\\\/limpal.es\\\/aviso-legal\\\/accesibilidad\\\/\",\"name\":\"Accesibilidad - Limpal\",\"isPartOf\":{\"@id\":\"https:\\\/\\\/limpal.es\\\/#website\"},\"datePublished\":\"2025-02-03T19:15:27+00:00\",\"dateModified\":\"2025-02-04T10:43:58+00:00\",\"breadcrumb\":{\"@id\":\"https:\\\/\\\/limpal.es\\\/aviso-legal\\\/accesibilidad\\\/#breadcrumb\"},\"inLanguage\":\"en-GB\",\"potentialAction\":[{\"@type\":\"ReadAction\",\"target\":[\"https:\\\/\\\/limpal.es\\\/aviso-legal\\\/accesibilidad\\\/\"]}]},{\"@type\":\"BreadcrumbList\",\"@id\":\"https:\\\/\\\/limpal.es\\\/aviso-legal\\\/accesibilidad\\\/#breadcrumb\",\"itemListElement\":[{\"@type\":\"ListItem\",\"position\":1,\"name\":\"Portada\",\"item\":\"https:\\\/\\\/limpal.es\\\/\"},{\"@type\":\"ListItem\",\"position\":2,\"name\":\"Aviso Legal\",\"item\":\"https:\\\/\\\/limpal.es\\\/aviso-legal\\\/\"},{\"@type\":\"ListItem\",\"position\":3,\"name\":\"Accesibilidad\"}]},{\"@type\":\"WebSite\",\"@id\":\"https:\\\/\\\/limpal.es\\\/#website\",\"url\":\"https:\\\/\\\/limpal.es\\\/\",\"name\":\"Limpal\",\"description\":\"Limpiezas Palencia\",\"publisher\":{\"@id\":\"https:\\\/\\\/limpal.es\\\/#organization\"},\"alternateName\":\"Limpiezas en Palencia\",\"potentialAction\":[{\"@type\":\"SearchAction\",\"target\":{\"@type\":\"EntryPoint\",\"urlTemplate\":\"https:\\\/\\\/limpal.es\\\/?s={search_term_string}\"},\"query-input\":{\"@type\":\"PropertyValueSpecification\",\"valueRequired\":true,\"valueName\":\"search_term_string\"}}],\"inLanguage\":\"en-GB\"},{\"@type\":\"Organization\",\"@id\":\"https:\\\/\\\/limpal.es\\\/#organization\",\"name\":\"Limpal\",\"url\":\"https:\\\/\\\/limpal.es\\\/\",\"logo\":{\"@type\":\"ImageObject\",\"inLanguage\":\"en-GB\",\"@id\":\"https:\\\/\\\/limpal.es\\\/#\\\/schema\\\/logo\\\/image\\\/\",\"url\":\"https:\\\/\\\/limpal.es\\\/wp-content\\\/uploads\\\/2025\\\/01\\\/Limpal-removebg-preview.png\",\"contentUrl\":\"https:\\\/\\\/limpal.es\\\/wp-content\\\/uploads\\\/2025\\\/01\\\/Limpal-removebg-preview.png\",\"width\":558,\"height\":211,\"caption\":\"Limpal\"},\"image\":{\"@id\":\"https:\\\/\\\/limpal.es\\\/#\\\/schema\\\/logo\\\/image\\\/\"}}]}<\/script>\n<!-- \/ Yoast SEO plugin. -->","yoast_head_json":{"title":"Accesibilidad - Limpal","robots":{"index":"noindex","follow":"nofollow"},"og_locale":"en_GB","og_type":"article","og_title":"Accesibilidad - Limpal","og_description":"Actualizado 15\/03\/2023&nbsp; LIMPIEZAS ALFOMBRAS PALENCIA S.L\u00a0se compromete en hacer accesible su sitio web de conformidad con el\u202fReal Decreto 1112\/2018, sobre accesibilidad de los sitios webs y aplicaciones para dispositivos m\u00f3viles del sector p\u00fablico.\u00a0 La presente declaraci\u00f3n de accesibilidad se aplica al sitio web a limpal.es SITUACI\u00d3N DE CUMPLIMIENTO&nbsp; Este sitio web es parcialmente conforme con [&hellip;]","og_url":"https:\/\/limpal.es\/en\/aviso-legal\/accesibilidad\/","og_site_name":"Limpal","article_modified_time":"2025-02-04T10:43:58+00:00","og_image":[{"width":558,"height":211,"url":"https:\/\/limpal.es\/wp-content\/uploads\/2025\/01\/Limpal-removebg-preview.png","type":"image\/png"}],"twitter_card":"summary_large_image","twitter_misc":{"Estimated reading time":"2 minutes"},"schema":{"@context":"https:\/\/schema.org","@graph":[{"@type":"WebPage","@id":"https:\/\/limpal.es\/aviso-legal\/accesibilidad\/","url":"https:\/\/limpal.es\/aviso-legal\/accesibilidad\/","name":"Accesibilidad - Limpal","isPartOf":{"@id":"https:\/\/limpal.es\/#website"},"datePublished":"2025-02-03T19:15:27+00:00","dateModified":"2025-02-04T10:43:58+00:00","breadcrumb":{"@id":"https:\/\/limpal.es\/aviso-legal\/accesibilidad\/#breadcrumb"},"inLanguage":"en-GB","potentialAction":[{"@type":"ReadAction","target":["https:\/\/limpal.es\/aviso-legal\/accesibilidad\/"]}]},{"@type":"BreadcrumbList","@id":"https:\/\/limpal.es\/aviso-legal\/accesibilidad\/#breadcrumb","itemListElement":[{"@type":"ListItem","position":1,"name":"Portada","item":"https:\/\/limpal.es\/"},{"@type":"ListItem","position":2,"name":"Aviso Legal","item":"https:\/\/limpal.es\/aviso-legal\/"},{"@type":"ListItem","position":3,"name":"Accesibilidad"}]},{"@type":"WebSite","@id":"https:\/\/limpal.es\/#website","url":"https:\/\/limpal.es\/","name":"Limpal","description":"Limpiezas Palencia","publisher":{"@id":"https:\/\/limpal.es\/#organization"},"alternateName":"Limpiezas en Palencia","potentialAction":[{"@type":"SearchAction","target":{"@type":"EntryPoint","urlTemplate":"https:\/\/limpal.es\/?s={search_term_string}"},"query-input":{"@type":"PropertyValueSpecification","valueRequired":true,"valueName":"search_term_string"}}],"inLanguage":"en-GB"},{"@type":"Organization","@id":"https:\/\/limpal.es\/#organization","name":"Limpal","url":"https:\/\/limpal.es\/","logo":{"@type":"ImageObject","inLanguage":"en-GB","@id":"https:\/\/limpal.es\/#\/schema\/logo\/image\/","url":"https:\/\/limpal.es\/wp-content\/uploads\/2025\/01\/Limpal-removebg-preview.png","contentUrl":"https:\/\/limpal.es\/wp-content\/uploads\/2025\/01\/Limpal-removebg-preview.png","width":558,"height":211,"caption":"Limpal"},"image":{"@id":"https:\/\/limpal.es\/#\/schema\/logo\/image\/"}}]}},"_links":{"self":[{"href":"https:\/\/limpal.es\/en\/wp-json\/wp\/v2\/pages\/108","targetHints":{"allow":["GET"]}}],"collection":[{"href":"https:\/\/limpal.es\/en\/wp-json\/wp\/v2\/pages"}],"about":[{"href":"https:\/\/limpal.es\/en\/wp-json\/wp\/v2\/types\/page"}],"author":[{"embeddable":true,"href":"https:\/\/limpal.es\/en\/wp-json\/wp\/v2\/users\/1"}],"replies":[{"embeddable":true,"href":"https:\/\/limpal.es\/en\/wp-json\/wp\/v2\/comments?post=108"}],"version-history":[{"count":0,"href":"https:\/\/limpal.es\/en\/wp-json\/wp\/v2\/pages\/108\/revisions"}],"up":[{"embeddable":true,"href":"https:\/\/limpal.es\/en\/wp-json\/wp\/v2\/pages\/105"}],"wp:attachment":[{"href":"https:\/\/limpal.es\/en\/wp-json\/wp\/v2\/media?parent=108"}],"curies":[{"name":"wp","href":"https:\/\/api.w.org\/{rel}","templated":true}]}}