{"id":17,"date":"2025-01-31T15:51:54","date_gmt":"2025-01-31T15:51:54","guid":{"rendered":"https:\/\/limpal.es\/?page_id=17"},"modified":"2025-12-23T10:17:40","modified_gmt":"2025-12-23T10:17:40","slug":"servicios","status":"publish","type":"page","link":"https:\/\/limpal.es\/en\/servicios\/","title":{"rendered":"Services"},"content":{"rendered":"<div data-elementor-type=\"wp-page\" data-elementor-id=\"17\" class=\"elementor elementor-17\" data-elementor-post-type=\"page\">\n\t\t\t\t<div class=\"elementor-element elementor-element-8dd99fa e-flex e-con-boxed e-con e-parent\" data-id=\"8dd99fa\" data-element_type=\"container\" data-settings=\"{&quot;background_background&quot;:&quot;classic&quot;}\">\n\t\t\t\t\t<div class=\"e-con-inner\">\n\t\t\t\t<div class=\"elementor-element elementor-element-00599b5 elementor-invisible elementor-widget elementor-widget-heading\" data-id=\"00599b5\" data-element_type=\"widget\" data-settings=\"{&quot;_animation&quot;:&quot;fadeInLeft&quot;}\" data-widget_type=\"heading.default\">\n\t\t\t\t<div class=\"elementor-widget-container\">\n\t\t\t\t\t<h1 class=\"elementor-heading-title elementor-size-default\">Nuestros Servicios de<br>\nLimpieza y Restauraci\u00f3n<\/h1>\t\t\t\t<\/div>\n\t\t\t\t<\/div>\n\t\t\t\t\t<\/div>\n\t\t\t\t<\/div>\n\t\t<div class=\"elementor-element elementor-element-4e3ab79 e-flex e-con-boxed e-con e-parent\" data-id=\"4e3ab79\" data-element_type=\"container\" data-settings=\"{&quot;background_background&quot;:&quot;classic&quot;}\">\n\t\t\t\t\t<div class=\"e-con-inner\">\n\t\t\t\t<div class=\"elementor-element elementor-element-9d0af17 elementor-widget__width-initial elementor-widget elementor-widget-text-editor\" data-id=\"9d0af17\" data-element_type=\"widget\" data-widget_type=\"text-editor.default\">\n\t\t\t\t<div class=\"elementor-widget-container\">\n\t\t\t\t\t\t\t\t\t<p>In <strong>Limpal.es<\/strong>, ofrecemos un amplio cat\u00e1logo de servicios personalizados para cubrir todas tus necesidades de <strong>limpieza y restauraci\u00f3n<\/strong>. Desde alfombras persas hasta sof\u00e1s tapizados, trabajamos con una mezcla de t\u00e9cnicas <strong>manuales y tecnolog\u00eda avanzada<\/strong>, garantizando un <strong>acabado perfecto<\/strong>.<\/p>\t\t\t\t\t\t\t\t<\/div>\n\t\t\t\t<\/div>\n\t\t\t\t\t<\/div>\n\t\t\t\t<\/div>\n\t\t<div class=\"elementor-element elementor-element-94fc418 e-con-full e-flex elementor-invisible e-con e-parent\" data-id=\"94fc418\" data-element_type=\"container\" data-settings=\"{&quot;background_background&quot;:&quot;classic&quot;,&quot;animation&quot;:&quot;fadeInLeft&quot;}\">\n\t\t<div class=\"elementor-element elementor-element-6550c94 e-con-full e-flex e-con e-child\" data-id=\"6550c94\" data-element_type=\"container\" data-settings=\"{&quot;background_background&quot;:&quot;classic&quot;}\">\n\t\t<div class=\"elementor-element elementor-element-14c40a0 e-con-full e-flex e-con e-child\" data-id=\"14c40a0\" data-element_type=\"container\" data-settings=\"{&quot;background_background&quot;:&quot;classic&quot;}\">\n\t\t\t\t<div class=\"elementor-element elementor-element-535b1b9 elementor-widget elementor-widget-heading\" data-id=\"535b1b9\" data-element_type=\"widget\" data-widget_type=\"heading.default\">\n\t\t\t\t<div class=\"elementor-widget-container\">\n\t\t\t\t\t<h3 class=\"elementor-heading-title elementor-size-default\">\u00bfTus alfombras necesitan atenci\u00f3n especial?<\/h3>\t\t\t\t<\/div>\n\t\t\t\t<\/div>\n\t\t\t\t<div class=\"elementor-element elementor-element-7f80150 elementor-widget elementor-widget-heading\" data-id=\"7f80150\" data-element_type=\"widget\" data-widget_type=\"heading.default\">\n\t\t\t\t<div class=\"elementor-widget-container\">\n\t\t\t\t\t<h4 class=\"elementor-heading-title elementor-size-default\"><a href=\"https:\/\/limpal.es\/en\/contacto\/\">Cont\u00e1ctanos ahora o llama al 637 78 98 62<\/a><\/h4>\t\t\t\t<\/div>\n\t\t\t\t<\/div>\n\t\t\t\t<\/div>\n\t\t\t\t<\/div>\n\t\t<div class=\"elementor-element elementor-element-937346c e-con-full e-flex e-con e-child\" data-id=\"937346c\" data-element_type=\"container\">\n\t\t\t\t<div class=\"elementor-element elementor-element-46b29a2 elementor-widget elementor-widget-heading\" data-id=\"46b29a2\" data-element_type=\"widget\" data-widget_type=\"heading.default\">\n\t\t\t\t<div class=\"elementor-widget-container\">\n\t\t\t\t\t<h3 class=\"elementor-heading-title elementor-size-default\">Limpieza de Alfombras<br>\ny Restauraci\u00f3n<\/h3>\t\t\t\t<\/div>\n\t\t\t\t<\/div>\n\t\t\t\t<div class=\"elementor-element elementor-element-e854ec8 elementor-widget elementor-widget-text-editor\" data-id=\"e854ec8\" data-element_type=\"widget\" data-widget_type=\"text-editor.default\">\n\t\t\t\t<div class=\"elementor-widget-container\">\n\t\t\t\t\t\t\t\t\tDamos a tus alfombras el cuidado que merecen. Nuestro servicio especializado en limpieza artesanal de alfombras en Palencia asegura la conservaci\u00f3n de la textura y los colores originales.<br><br>\n\n<strong>Lo que hacemos por tus alfombras:<\/strong><br><br>\n<ul>\n \t<li>Limpieza profesional: Alfombras persas, orientales, sint\u00e9ticas o de lana.<\/li><br>\n \t<li>Restauraci\u00f3n: Reparaci\u00f3n de calvas, remallado y colocaci\u00f3n de flecos.<\/li><br>\n \t<li>Eliminaci\u00f3n de manchas dif\u00edciles:\nManchas de caf\u00e9, tinta, humedad o moho.<\/li>\n<\/ul>\t\t\t\t\t\t\t\t<\/div>\n\t\t\t\t<\/div>\n\t\t\t\t<\/div>\n\t\t\t\t<\/div>\n\t\t<div class=\"elementor-element elementor-element-23109f0 e-con-full e-flex elementor-invisible e-con e-parent\" data-id=\"23109f0\" data-element_type=\"container\" data-settings=\"{&quot;background_background&quot;:&quot;classic&quot;,&quot;animation&quot;:&quot;fadeInRight&quot;}\">\n\t\t<div class=\"elementor-element elementor-element-fd9d029 e-con-full e-flex e-con e-child\" data-id=\"fd9d029\" data-element_type=\"container\">\n\t\t\t\t<div class=\"elementor-element elementor-element-3e484fa elementor-widget elementor-widget-heading\" data-id=\"3e484fa\" data-element_type=\"widget\" data-widget_type=\"heading.default\">\n\t\t\t\t<div class=\"elementor-widget-container\">\n\t\t\t\t\t<h3 class=\"elementor-heading-title elementor-size-default\">Limpieza de Edredones<br>\ny Ropa de Hogar<\/h3>\t\t\t\t<\/div>\n\t\t\t\t<\/div>\n\t\t\t\t<div class=\"elementor-element elementor-element-387cc5f elementor-widget elementor-widget-text-editor\" data-id=\"387cc5f\" data-element_type=\"widget\" data-widget_type=\"text-editor.default\">\n\t\t\t\t<div class=\"elementor-widget-container\">\n\t\t\t\t\t\t\t\t\tLimpieza especializada para todos los textiles de tu hogar, con t\u00e9cnicas que garantizan higiene, suavidad y durabilidad.<br><br>\n\n<strong>Nuestros servicios incluyen:<\/strong><br><br>\n<ul>\n \t<li>Lavado de n\u00f3rdicos sint\u00e9ticos y de plumas.<\/li><br>\n \t<li>Limpieza de edredones, mantas y cortinas.<\/li><br>\n \t<li>Desinfecci\u00f3n avanzada con ozono para mayor protecci\u00f3n contra bacterias y virus.<\/li>\n<\/ul>\t\t\t\t\t\t\t\t<\/div>\n\t\t\t\t<\/div>\n\t\t\t\t<\/div>\n\t\t<div class=\"elementor-element elementor-element-786c43c e-con-full e-flex e-con e-child\" data-id=\"786c43c\" data-element_type=\"container\" data-settings=\"{&quot;background_background&quot;:&quot;classic&quot;}\">\n\t\t<div class=\"elementor-element elementor-element-2a1daae e-con-full e-flex e-con e-child\" data-id=\"2a1daae\" data-element_type=\"container\" data-settings=\"{&quot;background_background&quot;:&quot;classic&quot;}\">\n\t\t\t\t<div class=\"elementor-element elementor-element-a50ff7e elementor-widget elementor-widget-heading\" data-id=\"a50ff7e\" data-element_type=\"widget\" data-widget_type=\"heading.default\">\n\t\t\t\t<div class=\"elementor-widget-container\">\n\t\t\t\t\t<h3 class=\"elementor-heading-title elementor-size-default\">Confia en nuestros servicios de lavander\u00eda profesional<\/h3>\t\t\t\t<\/div>\n\t\t\t\t<\/div>\n\t\t\t\t<div class=\"elementor-element elementor-element-14d2633 elementor-widget elementor-widget-heading\" data-id=\"14d2633\" data-element_type=\"widget\" data-widget_type=\"heading.default\">\n\t\t\t\t<div class=\"elementor-widget-container\">\n\t\t\t\t\t<h4 class=\"elementor-heading-title elementor-size-default\"><a href=\"https:\/\/limpal.es\/en\/contacto\/\">Pide tu presupuesto gratuito<\/a><\/h4>\t\t\t\t<\/div>\n\t\t\t\t<\/div>\n\t\t\t\t<\/div>\n\t\t\t\t<\/div>\n\t\t\t\t<\/div>\n\t\t<div class=\"elementor-element elementor-element-6f8c985 e-con-full e-flex elementor-invisible e-con e-parent\" data-id=\"6f8c985\" data-element_type=\"container\" data-settings=\"{&quot;background_background&quot;:&quot;classic&quot;,&quot;animation&quot;:&quot;fadeInLeft&quot;}\">\n\t\t<div class=\"elementor-element elementor-element-0ce9e84 e-con-full e-flex e-con e-child\" data-id=\"0ce9e84\" data-element_type=\"container\" data-settings=\"{&quot;background_background&quot;:&quot;classic&quot;}\">\n\t\t<div class=\"elementor-element elementor-element-e13ad10 e-con-full e-flex e-con e-child\" data-id=\"e13ad10\" data-element_type=\"container\" data-settings=\"{&quot;background_background&quot;:&quot;classic&quot;}\">\n\t\t\t\t<div class=\"elementor-element elementor-element-90dad4f elementor-widget elementor-widget-heading\" data-id=\"90dad4f\" data-element_type=\"widget\" data-widget_type=\"heading.default\">\n\t\t\t\t<div class=\"elementor-widget-container\">\n\t\t\t\t\t<h3 class=\"elementor-heading-title elementor-size-default\">\u00bfNecesitas limpiar tus muebles tapizados?<\/h3>\t\t\t\t<\/div>\n\t\t\t\t<\/div>\n\t\t\t\t<div class=\"elementor-element elementor-element-1a1226d elementor-widget elementor-widget-heading\" data-id=\"1a1226d\" data-element_type=\"widget\" data-widget_type=\"heading.default\">\n\t\t\t\t<div class=\"elementor-widget-container\">\n\t\t\t\t\t<h4 class=\"elementor-heading-title elementor-size-default\"><a href=\"https:\/\/limpal.es\/en\/contacto\/\">Cont\u00e1ctanos hoy mismo<\/a><\/h4>\t\t\t\t<\/div>\n\t\t\t\t<\/div>\n\t\t\t\t<\/div>\n\t\t\t\t<\/div>\n\t\t<div class=\"elementor-element elementor-element-eadfa0c e-con-full e-flex e-con e-child\" data-id=\"eadfa0c\" data-element_type=\"container\">\n\t\t\t\t<div class=\"elementor-element elementor-element-9067d4c elementor-widget elementor-widget-heading\" data-id=\"9067d4c\" data-element_type=\"widget\" data-widget_type=\"heading.default\">\n\t\t\t\t<div class=\"elementor-widget-container\">\n\t\t\t\t\t<h3 class=\"elementor-heading-title elementor-size-default\">Limpieza de Tapicer\u00edas<br>\ny Tejidos Especiales<\/h3>\t\t\t\t<\/div>\n\t\t\t\t<\/div>\n\t\t\t\t<div class=\"elementor-element elementor-element-200090b elementor-widget elementor-widget-text-editor\" data-id=\"200090b\" data-element_type=\"widget\" data-widget_type=\"text-editor.default\">\n\t\t\t\t<div class=\"elementor-widget-container\">\n\t\t\t\t\t\t\t\t\tRenueva la apariencia de tus muebles con nuestro servicio de limpieza de tapicer\u00edas en Palencia. Cuidamos desde sof\u00e1s hasta grandes peluches.<br><br>\n\n<strong>Incluye:<\/strong><br><br>\n<ul>\n \t<li>Limpieza y desinfecci\u00f3n de sof\u00e1s, sillones y cabeceros.<\/li><br>\n \t<li>Eliminaci\u00f3n de olores y manchas dif\u00edciles.<\/li><br>\n \t<li>Tratamientos especiales para tejidos delicados.<\/li>\n<\/ul>\t\t\t\t\t\t\t\t<\/div>\n\t\t\t\t<\/div>\n\t\t\t\t<\/div>\n\t\t\t\t<\/div>\n\t\t<div class=\"elementor-element elementor-element-92b9958 e-flex e-con-boxed e-con e-parent\" data-id=\"92b9958\" data-element_type=\"container\" data-settings=\"{&quot;background_background&quot;:&quot;classic&quot;}\">\n\t\t\t\t\t<div class=\"e-con-inner\">\n\t\t\t\t<div class=\"elementor-element elementor-element-476d4f0 elementor-invisible elementor-widget elementor-widget-heading\" data-id=\"476d4f0\" data-element_type=\"widget\" data-settings=\"{&quot;_animation&quot;:&quot;fadeInLeft&quot;}\" data-widget_type=\"heading.default\">\n\t\t\t\t<div class=\"elementor-widget-container\">\n\t\t\t\t\t<h2 class=\"elementor-heading-title elementor-size-default\">Haz de tu casa un hogar<\/h2>\t\t\t\t<\/div>\n\t\t\t\t<\/div>\n\t\t\t\t<div class=\"elementor-element elementor-element-52a119c elementor-align-center elementor-widget elementor-widget-button\" data-id=\"52a119c\" data-element_type=\"widget\" data-widget_type=\"button.default\">\n\t\t\t\t<div class=\"elementor-widget-container\">\n\t\t\t\t\t\t\t\t\t<div class=\"elementor-button-wrapper\">\n\t\t\t\t\t<a class=\"elementor-button elementor-button-link elementor-size-sm\" href=\"https:\/\/imalcor.com\/\">\n\t\t\t\t\t\t<span class=\"elementor-button-content-wrapper\">\n\t\t\t\t\t\t\t\t\t<span class=\"elementor-button-text\">www.imalcor.com<\/span>\n\t\t\t\t\t<\/span>\n\t\t\t\t\t<\/a>\n\t\t\t\t<\/div>\n\t\t\t\t\t\t\t\t<\/div>\n\t\t\t\t<\/div>\n\t\t\t\t\t<\/div>\n\t\t\t\t<\/div>\n\t\t<div class=\"elementor-element elementor-element-1191eb2 e-flex e-con-boxed e-con e-parent\" data-id=\"1191eb2\" data-element_type=\"container\" data-settings=\"{&quot;background_background&quot;:&quot;classic&quot;}\">\n\t\t\t\t\t<div class=\"e-con-inner\">\n\t\t\t\t<div class=\"elementor-element elementor-element-111a8eb elementor-invisible elementor-widget elementor-widget-heading\" data-id=\"111a8eb\" data-element_type=\"widget\" data-settings=\"{&quot;_animation&quot;:&quot;fadeInLeft&quot;}\" data-widget_type=\"heading.default\">\n\t\t\t\t<div class=\"elementor-widget-container\">\n\t\t\t\t\t<h2 class=\"elementor-heading-title elementor-size-default\">At Limpal.es, we take care of your textiles as if they were our own.<\/h2>\t\t\t\t<\/div>\n\t\t\t\t<\/div>\n\t\t\t\t<div class=\"elementor-element elementor-element-65a3f0c elementor-invisible elementor-widget elementor-widget-heading\" data-id=\"65a3f0c\" data-element_type=\"widget\" data-settings=\"{&quot;_animation&quot;:&quot;fadeInRight&quot;}\" data-widget_type=\"heading.default\">\n\t\t\t\t<div class=\"elementor-widget-container\">\n\t\t\t\t\t<h3 class=\"elementor-heading-title elementor-size-default\"><a href=\"tel:637%2078%2098%2062\">Request a free quote or<br>\nllama al 637 78 98 62 para m\u00e1s informaci\u00f3n<\/a><\/h3>\t\t\t\t<\/div>\n\t\t\t\t<\/div>\n\t\t\t\t<div class=\"elementor-element elementor-element-077458e elementor-align-center elementor-widget elementor-widget-button\" data-id=\"077458e\" data-element_type=\"widget\" data-widget_type=\"button.default\">\n\t\t\t\t<div class=\"elementor-widget-container\">\n\t\t\t\t\t\t\t\t\t<div class=\"elementor-button-wrapper\">\n\t\t\t\t\t<a class=\"elementor-button elementor-button-link elementor-size-sm\" href=\"tel:637%2078%2098%2062\">\n\t\t\t\t\t\t<span class=\"elementor-button-content-wrapper\">\n\t\t\t\t\t\t\t\t\t<span class=\"elementor-button-text\">Request a quote<\/span>\n\t\t\t\t\t<\/span>\n\t\t\t\t\t<\/a>\n\t\t\t\t<\/div>\n\t\t\t\t\t\t\t\t<\/div>\n\t\t\t\t<\/div>\n\t\t\t\t\t<\/div>\n\t\t\t\t<\/div>\n\t\t\t\t<\/div>","protected":false},"excerpt":{"rendered":"<p>Nuestros Servicios de Limpieza y Restauraci\u00f3n En Limpal.es, ofrecemos un amplio cat\u00e1logo de servicios personalizados para cubrir todas tus necesidades de limpieza y restauraci\u00f3n. Desde alfombras persas hasta sof\u00e1s tapizados, trabajamos con una mezcla de t\u00e9cnicas manuales y tecnolog\u00eda avanzada, garantizando un acabado perfecto. \u00bfTus alfombras necesitan atenci\u00f3n especial? Cont\u00e1ctanos ahora o llama al 637 [&hellip;]<\/p>\n","protected":false},"author":1,"featured_media":0,"parent":0,"menu_order":0,"comment_status":"closed","ping_status":"closed","template":"","meta":{"_joinchat":[],"footnotes":""},"class_list":["post-17","page","type-page","status-publish","hentry"],"yoast_head":"<!-- This site is optimized with the Yoast SEO plugin v27.3 - https:\/\/yoast.com\/product\/yoast-seo-wordpress\/ -->\n<title>Servicios - Limpal<\/title>\n<meta name=\"description\" content=\"Nuestros Servicios de Limpieza y Restauraci\u00f3n, ofrecemos un amplio cat\u00e1logo de servicios personalizados para cubrir todas tus necesidades de limpieza y restauraci\u00f3n.\" \/>\n<meta name=\"robots\" content=\"index, follow, max-snippet:-1, max-image-preview:large, max-video-preview:-1\" \/>\n<link rel=\"canonical\" href=\"https:\/\/limpal.es\/en\/servicios\/\" \/>\n<meta property=\"og:locale\" content=\"en_GB\" \/>\n<meta property=\"og:type\" content=\"article\" \/>\n<meta property=\"og:title\" content=\"Servicios - Limpal\" \/>\n<meta property=\"og:description\" content=\"Nuestros Servicios de Limpieza y Restauraci\u00f3n, ofrecemos un amplio cat\u00e1logo de servicios personalizados para cubrir todas tus necesidades de limpieza y restauraci\u00f3n.\" \/>\n<meta property=\"og:url\" content=\"https:\/\/limpal.es\/en\/servicios\/\" \/>\n<meta property=\"og:site_name\" content=\"Limpal\" \/>\n<meta property=\"article:modified_time\" content=\"2025-12-23T10:17:40+00:00\" \/>\n<meta property=\"og:image\" content=\"https:\/\/limpal.es\/wp-content\/uploads\/2025\/01\/Limpal-removebg-preview.png\" \/>\n\t<meta property=\"og:image:width\" content=\"558\" \/>\n\t<meta property=\"og:image:height\" content=\"211\" \/>\n\t<meta property=\"og:image:type\" content=\"image\/png\" \/>\n<meta name=\"twitter:card\" content=\"summary_large_image\" \/>\n<meta name=\"twitter:label1\" content=\"Estimated reading time\" \/>\n\t<meta name=\"twitter:data1\" content=\"2 minutes\" \/>\n<script type=\"application\/ld+json\" class=\"yoast-schema-graph\">{\"@context\":\"https:\\\/\\\/schema.org\",\"@graph\":[{\"@type\":\"WebPage\",\"@id\":\"https:\\\/\\\/limpal.es\\\/servicios\\\/\",\"url\":\"https:\\\/\\\/limpal.es\\\/servicios\\\/\",\"name\":\"Servicios - Limpal\",\"isPartOf\":{\"@id\":\"https:\\\/\\\/limpal.es\\\/#website\"},\"datePublished\":\"2025-01-31T15:51:54+00:00\",\"dateModified\":\"2025-12-23T10:17:40+00:00\",\"description\":\"Nuestros Servicios de Limpieza y Restauraci\u00f3n, ofrecemos un amplio cat\u00e1logo de servicios personalizados para cubrir todas tus necesidades de limpieza y restauraci\u00f3n.\",\"breadcrumb\":{\"@id\":\"https:\\\/\\\/limpal.es\\\/servicios\\\/#breadcrumb\"},\"inLanguage\":\"en-GB\",\"potentialAction\":[{\"@type\":\"ReadAction\",\"target\":[\"https:\\\/\\\/limpal.es\\\/servicios\\\/\"]}]},{\"@type\":\"BreadcrumbList\",\"@id\":\"https:\\\/\\\/limpal.es\\\/servicios\\\/#breadcrumb\",\"itemListElement\":[{\"@type\":\"ListItem\",\"position\":1,\"name\":\"Portada\",\"item\":\"https:\\\/\\\/limpal.es\\\/\"},{\"@type\":\"ListItem\",\"position\":2,\"name\":\"Servicios\"}]},{\"@type\":\"WebSite\",\"@id\":\"https:\\\/\\\/limpal.es\\\/#website\",\"url\":\"https:\\\/\\\/limpal.es\\\/\",\"name\":\"Limpal\",\"description\":\"Limpiezas Palencia\",\"publisher\":{\"@id\":\"https:\\\/\\\/limpal.es\\\/#organization\"},\"alternateName\":\"Limpiezas en Palencia\",\"potentialAction\":[{\"@type\":\"SearchAction\",\"target\":{\"@type\":\"EntryPoint\",\"urlTemplate\":\"https:\\\/\\\/limpal.es\\\/?s={search_term_string}\"},\"query-input\":{\"@type\":\"PropertyValueSpecification\",\"valueRequired\":true,\"valueName\":\"search_term_string\"}}],\"inLanguage\":\"en-GB\"},{\"@type\":\"Organization\",\"@id\":\"https:\\\/\\\/limpal.es\\\/#organization\",\"name\":\"Limpal\",\"url\":\"https:\\\/\\\/limpal.es\\\/\",\"logo\":{\"@type\":\"ImageObject\",\"inLanguage\":\"en-GB\",\"@id\":\"https:\\\/\\\/limpal.es\\\/#\\\/schema\\\/logo\\\/image\\\/\",\"url\":\"https:\\\/\\\/limpal.es\\\/wp-content\\\/uploads\\\/2025\\\/01\\\/Limpal-removebg-preview.png\",\"contentUrl\":\"https:\\\/\\\/limpal.es\\\/wp-content\\\/uploads\\\/2025\\\/01\\\/Limpal-removebg-preview.png\",\"width\":558,\"height\":211,\"caption\":\"Limpal\"},\"image\":{\"@id\":\"https:\\\/\\\/limpal.es\\\/#\\\/schema\\\/logo\\\/image\\\/\"}}]}<\/script>\n<!-- \/ Yoast SEO plugin. -->","yoast_head_json":{"title":"Servicios - Limpal","description":"Nuestros Servicios de Limpieza y Restauraci\u00f3n, ofrecemos un amplio cat\u00e1logo de servicios personalizados para cubrir todas tus necesidades de limpieza y restauraci\u00f3n.","robots":{"index":"index","follow":"follow","max-snippet":"max-snippet:-1","max-image-preview":"max-image-preview:large","max-video-preview":"max-video-preview:-1"},"canonical":"https:\/\/limpal.es\/en\/servicios\/","og_locale":"en_GB","og_type":"article","og_title":"Servicios - Limpal","og_description":"Nuestros Servicios de Limpieza y Restauraci\u00f3n, ofrecemos un amplio cat\u00e1logo de servicios personalizados para cubrir todas tus necesidades de limpieza y restauraci\u00f3n.","og_url":"https:\/\/limpal.es\/en\/servicios\/","og_site_name":"Limpal","article_modified_time":"2025-12-23T10:17:40+00:00","og_image":[{"width":558,"height":211,"url":"https:\/\/limpal.es\/wp-content\/uploads\/2025\/01\/Limpal-removebg-preview.png","type":"image\/png"}],"twitter_card":"summary_large_image","twitter_misc":{"Estimated reading time":"2 minutes"},"schema":{"@context":"https:\/\/schema.org","@graph":[{"@type":"WebPage","@id":"https:\/\/limpal.es\/servicios\/","url":"https:\/\/limpal.es\/servicios\/","name":"Servicios - Limpal","isPartOf":{"@id":"https:\/\/limpal.es\/#website"},"datePublished":"2025-01-31T15:51:54+00:00","dateModified":"2025-12-23T10:17:40+00:00","description":"Nuestros Servicios de Limpieza y Restauraci\u00f3n, ofrecemos un amplio cat\u00e1logo de servicios personalizados para cubrir todas tus necesidades de limpieza y restauraci\u00f3n.","breadcrumb":{"@id":"https:\/\/limpal.es\/servicios\/#breadcrumb"},"inLanguage":"en-GB","potentialAction":[{"@type":"ReadAction","target":["https:\/\/limpal.es\/servicios\/"]}]},{"@type":"BreadcrumbList","@id":"https:\/\/limpal.es\/servicios\/#breadcrumb","itemListElement":[{"@type":"ListItem","position":1,"name":"Portada","item":"https:\/\/limpal.es\/"},{"@type":"ListItem","position":2,"name":"Servicios"}]},{"@type":"WebSite","@id":"https:\/\/limpal.es\/#website","url":"https:\/\/limpal.es\/","name":"Limpal","description":"Limpiezas Palencia","publisher":{"@id":"https:\/\/limpal.es\/#organization"},"alternateName":"Limpiezas en Palencia","potentialAction":[{"@type":"SearchAction","target":{"@type":"EntryPoint","urlTemplate":"https:\/\/limpal.es\/?s={search_term_string}"},"query-input":{"@type":"PropertyValueSpecification","valueRequired":true,"valueName":"search_term_string"}}],"inLanguage":"en-GB"},{"@type":"Organization","@id":"https:\/\/limpal.es\/#organization","name":"Limpal","url":"https:\/\/limpal.es\/","logo":{"@type":"ImageObject","inLanguage":"en-GB","@id":"https:\/\/limpal.es\/#\/schema\/logo\/image\/","url":"https:\/\/limpal.es\/wp-content\/uploads\/2025\/01\/Limpal-removebg-preview.png","contentUrl":"https:\/\/limpal.es\/wp-content\/uploads\/2025\/01\/Limpal-removebg-preview.png","width":558,"height":211,"caption":"Limpal"},"image":{"@id":"https:\/\/limpal.es\/#\/schema\/logo\/image\/"}}]}},"_links":{"self":[{"href":"https:\/\/limpal.es\/en\/wp-json\/wp\/v2\/pages\/17","targetHints":{"allow":["GET"]}}],"collection":[{"href":"https:\/\/limpal.es\/en\/wp-json\/wp\/v2\/pages"}],"about":[{"href":"https:\/\/limpal.es\/en\/wp-json\/wp\/v2\/types\/page"}],"author":[{"embeddable":true,"href":"https:\/\/limpal.es\/en\/wp-json\/wp\/v2\/users\/1"}],"replies":[{"embeddable":true,"href":"https:\/\/limpal.es\/en\/wp-json\/wp\/v2\/comments?post=17"}],"version-history":[{"count":0,"href":"https:\/\/limpal.es\/en\/wp-json\/wp\/v2\/pages\/17\/revisions"}],"wp:attachment":[{"href":"https:\/\/limpal.es\/en\/wp-json\/wp\/v2\/media?parent=17"}],"curies":[{"name":"wp","href":"https:\/\/api.w.org\/{rel}","templated":true}]}}